{"id":72,"date":"2015-04-18T08:26:59","date_gmt":"2015-04-18T07:26:59","guid":{"rendered":"http:\/\/www.clic-cool.com\/?page_id=72"},"modified":"2023-03-30T14:27:53","modified_gmt":"2023-03-30T14:27:53","slug":"securite","status":"publish","type":"page","link":"https:\/\/clic-cool.com\/index.php\/securite\/","title":{"rendered":"S\u00e9curit\u00e9"},"content":{"rendered":"<p><span style=\"color: #000000;\"><strong>&#8211; Solutions de s\u00e9curit\u00e9 (Antivirus et pare-feu)<\/strong><\/span><\/p>\n<p><span style=\"color: #000000;\">Nous vous conseillons en fonction de vos besoins pour faire le bon choix afin de prot\u00e9ger vos ordinateurs avec des<strong>\u00a0<\/strong>\u00ab\u00a0suites de s\u00e9curit\u00e9\u00a0\u00bb informatique.<\/span><\/p>\n<p><span style=\"color: #000000;\">C&rsquo;est valable \u00e9galement pour les syst\u00e8mes Apple OS X et\u00a0Linux qui,\u00a0bien qu&rsquo;ils soient moins expos\u00e9s aux logiciels malveillants\u00a0que le Syst\u00e8me Microsoft Windows, doivent \u00e9galement \u00eatre prot\u00e9g\u00e9s.<\/span><\/p>\n<p><span style=\"color: #000000;\">Nous vous conseillons \u00e9galement pour des antivirus pour vos tablettes ou smartphones sur les syst\u00e8mes Apple iOS (Iphone), et Android.<\/span><\/p>\n<p><span style=\"color: #000000;\"><strong>&#8211; \u00a0Sauvegardes de vos documents, photos et mails<\/strong><\/span><\/p>\n<p><span style=\"color: #000000;\">Nous ne sommes pas favorables \u00e0 l&rsquo;utilisation de \u00ab\u00a0Cloud\u00a0\u00bb, la fameuse \u00ab\u00a0informatique dans les nuages\u00a0\u00bb qui permet de synchroniser vos documents entre vos p\u00e9riph\u00e9riques (ordinateur, smartphone, tablette) et les serveurs de Dropbox,\u00a0Microsoft OneDrive,\u00a0Google Drive<em>, <\/em>ou encore d&rsquo;Apple\u00a0iCloud&#8230;<\/span><\/p>\n<p><span style=\"color: #000000;\">Nous pensons que les utilisateurs ne devraient pas confier leurs\u00a0donn\u00e9es \u00e0 une tierce partie et les conserver en local&#8230;<\/span><\/p>\n<p><span style=\"color: #000000;\"><a style=\"color: #000000;\" href=\"http:\/\/www.clic-cool.com\/wp-content\/uploads\/2015\/04\/cloud.jpg\"><img loading=\"lazy\" decoding=\"async\" class=\" size-medium wp-image-107 aligncenter\" src=\"http:\/\/www.clic-cool.com\/wp-content\/uploads\/2015\/04\/cloud-300x242.jpg\" alt=\"cloud\" width=\"300\" height=\"242\" \/><\/a><\/span><\/p>\n<p><span style=\"color: #000000;\">Nous pouvons vous aider \u00e0 mettre en place un syst\u00e8me de sauvegarde automatis\u00e9 localement avec des cl\u00e9s USB, des disques durs externes ou un serveur de stockage type NAS si vous avez une grande quantit\u00e9 de donn\u00e9es&#8230;<\/span><\/p>\n<p><span style=\"color: #000000;\">Si vous tenez quand m\u00eame \u00e0 utilisez des syst\u00e8mes Cloud, nous pouvons vous conseiller les \u00ab\u00a0moins pires\u00a0\u00bb du point de vue de la confidentialit\u00e9. Ceux qui \u00ab\u00a0chiffrent\u00a0\u00bb vos donn\u00e9es et n&rsquo;ont pas acc\u00e8s \u00e0 leurs contenus.<\/span><\/p>\n<p><span style=\"color: #000000;\">Nous pouvons aussi installer\u00a0<b>ownCloud\u00a0<\/b>qui est un logiciel libre offrant\u00a0une plateforme de services de stockage, de partage de fichiers et d&rsquo;applications diverses en ligne. Le stockage de vos donn\u00e9es peut \u00eatre h\u00e9berg\u00e9 chez un tiers de confiance : et nous en connaissons au moins un en France.<\/span><\/p>\n","protected":false},"excerpt":{"rendered":"<p>&#8211; Solutions de s\u00e9curit\u00e9 (Antivirus et pare-feu) Nous vous conseillons en fonction de vos besoins pour faire le bon choix afin de prot\u00e9ger vos ordinateurs avec des\u00a0\u00ab\u00a0suites de s\u00e9curit\u00e9\u00a0\u00bb informatique. C&rsquo;est valable \u00e9galement pour les syst\u00e8mes Apple OS X et\u00a0Linux qui,\u00a0bien qu&rsquo;ils soient moins expos\u00e9s aux logiciels malveillants\u00a0que le Syst\u00e8me Microsoft Windows, doivent \u00e9galement \u00eatre&hellip;<\/p>\n","protected":false},"author":1,"featured_media":0,"parent":0,"menu_order":2,"comment_status":"closed","ping_status":"closed","template":"","meta":{"footnotes":""},"class_list":["post-72","page","type-page","status-publish","hentry"],"_links":{"self":[{"href":"https:\/\/clic-cool.com\/index.php\/wp-json\/wp\/v2\/pages\/72","targetHints":{"allow":["GET"]}}],"collection":[{"href":"https:\/\/clic-cool.com\/index.php\/wp-json\/wp\/v2\/pages"}],"about":[{"href":"https:\/\/clic-cool.com\/index.php\/wp-json\/wp\/v2\/types\/page"}],"author":[{"embeddable":true,"href":"https:\/\/clic-cool.com\/index.php\/wp-json\/wp\/v2\/users\/1"}],"replies":[{"embeddable":true,"href":"https:\/\/clic-cool.com\/index.php\/wp-json\/wp\/v2\/comments?post=72"}],"version-history":[{"count":18,"href":"https:\/\/clic-cool.com\/index.php\/wp-json\/wp\/v2\/pages\/72\/revisions"}],"predecessor-version":[{"id":419,"href":"https:\/\/clic-cool.com\/index.php\/wp-json\/wp\/v2\/pages\/72\/revisions\/419"}],"wp:attachment":[{"href":"https:\/\/clic-cool.com\/index.php\/wp-json\/wp\/v2\/media?parent=72"}],"curies":[{"name":"wp","href":"https:\/\/api.w.org\/{rel}","templated":true}]}}