{"id":67,"date":"2015-04-17T21:26:20","date_gmt":"2015-04-17T20:26:20","guid":{"rendered":"http:\/\/www.clic-cool.com\/?page_id=67"},"modified":"2023-04-19T17:11:16","modified_gmt":"2023-04-19T17:11:16","slug":"accueil-ok","status":"publish","type":"page","link":"https:\/\/clic-cool.com\/index.php\/accueil-ok\/","title":{"rendered":"Accueil"},"content":{"rendered":"<p><span style=\"color: #000000;\">Bienvenue chez Clic Cool !<\/span><\/p>\n<p><span style=\"color: #000000;\">Conseil, assistance, t\u00e9l\u00e9maintenance et formations sur les syst\u00e8mes Microsoft Windows, Apple OS X, Android et GNU\/Linux.<\/span><a href=\"https:\/\/clic-cool.com\/wp-content\/uploads\/2021\/08\/logo-clic-cool.jpg\"><img loading=\"lazy\" decoding=\"async\" class=\"aligncenter  wp-image-387\" src=\"https:\/\/clic-cool.com\/wp-content\/uploads\/2021\/08\/logo-clic-cool-300x242.jpg\" alt=\"\" width=\"440\" height=\"355\"><\/a><\/p>\n","protected":false},"excerpt":{"rendered":"<p>Bienvenue chez Clic Cool ! Conseil, assistance, t\u00e9l\u00e9maintenance et formations sur les syst\u00e8mes Microsoft Windows, Apple OS X, Android et GNU\/Linux.<\/p>\n","protected":false},"author":1,"featured_media":0,"parent":0,"menu_order":0,"comment_status":"closed","ping_status":"closed","template":"","meta":{"footnotes":""},"class_list":["post-67","page","type-page","status-publish","hentry"],"_links":{"self":[{"href":"https:\/\/clic-cool.com\/index.php\/wp-json\/wp\/v2\/pages\/67","targetHints":{"allow":["GET"]}}],"collection":[{"href":"https:\/\/clic-cool.com\/index.php\/wp-json\/wp\/v2\/pages"}],"about":[{"href":"https:\/\/clic-cool.com\/index.php\/wp-json\/wp\/v2\/types\/page"}],"author":[{"embeddable":true,"href":"https:\/\/clic-cool.com\/index.php\/wp-json\/wp\/v2\/users\/1"}],"replies":[{"embeddable":true,"href":"https:\/\/clic-cool.com\/index.php\/wp-json\/wp\/v2\/comments?post=67"}],"version-history":[{"count":41,"href":"https:\/\/clic-cool.com\/index.php\/wp-json\/wp\/v2\/pages\/67\/revisions"}],"predecessor-version":[{"id":424,"href":"https:\/\/clic-cool.com\/index.php\/wp-json\/wp\/v2\/pages\/67\/revisions\/424"}],"wp:attachment":[{"href":"https:\/\/clic-cool.com\/index.php\/wp-json\/wp\/v2\/media?parent=67"}],"curies":[{"name":"wp","href":"https:\/\/api.w.org\/{rel}","templated":true}]}}