{"id":366,"date":"2021-04-01T12:03:04","date_gmt":"2021-04-01T11:03:04","guid":{"rendered":"https:\/\/www.clic-cool.com\/?page_id=366"},"modified":"2024-06-04T09:48:29","modified_gmt":"2024-06-04T09:48:29","slug":"sites-amis","status":"publish","type":"page","link":"https:\/\/clic-cool.com\/index.php\/sites-amis\/","title":{"rendered":"Sites amis"},"content":{"rendered":"\n<p class=\"has-black-color has-text-color\"><strong>informanet \u00e0 Boulogne-sur-Mer<\/strong><\/p>\n\n\n\n<p class=\"has-black-color has-text-color\">Assemblez votre ordinateur selon vos go\u00fbts \u00e0 Boulogne-sur-Mer<\/p>\n\n\n\n<p><a href=\"https:\/\/www.informanet-boulogne.fr\" target=\"_blank\" rel=\"noreferrer noopener\">https:\/\/www.informanet-boulogne.fr<\/a><\/p>\n\n\n\n<p class=\"has-black-color has-text-color\"><strong>Association de d\u00e9fense des consommateurs P. C. A. D. 09 (Pr\u00e9vention, Conseil et Aide \u00e0 la D\u00e9fense des Consommateurs 09) \u00e0 Saint Jean de Verges<\/strong><\/p>\n\n\n\n<p><a href=\"https:\/\/pcad09.jimdofree.com\/\" target=\"_blank\" rel=\"noreferrer noopener\">https:\/\/pcad09.jimdofree.com<\/a><\/p>\n","protected":false},"excerpt":{"rendered":"<p>informanet \u00e0 Boulogne-sur-Mer Assemblez votre ordinateur selon vos go\u00fbts \u00e0 Boulogne-sur-Mer https:\/\/www.informanet-boulogne.fr Association de d\u00e9fense des consommateurs P. C. A. D. 09 (Pr\u00e9vention, Conseil et Aide \u00e0 la D\u00e9fense des Consommateurs 09) \u00e0 Saint Jean de Verges https:\/\/pcad09.jimdofree.com<\/p>\n","protected":false},"author":1,"featured_media":0,"parent":0,"menu_order":10,"comment_status":"closed","ping_status":"closed","template":"","meta":{"footnotes":""},"class_list":["post-366","page","type-page","status-publish","hentry"],"_links":{"self":[{"href":"https:\/\/clic-cool.com\/index.php\/wp-json\/wp\/v2\/pages\/366","targetHints":{"allow":["GET"]}}],"collection":[{"href":"https:\/\/clic-cool.com\/index.php\/wp-json\/wp\/v2\/pages"}],"about":[{"href":"https:\/\/clic-cool.com\/index.php\/wp-json\/wp\/v2\/types\/page"}],"author":[{"embeddable":true,"href":"https:\/\/clic-cool.com\/index.php\/wp-json\/wp\/v2\/users\/1"}],"replies":[{"embeddable":true,"href":"https:\/\/clic-cool.com\/index.php\/wp-json\/wp\/v2\/comments?post=366"}],"version-history":[{"count":12,"href":"https:\/\/clic-cool.com\/index.php\/wp-json\/wp\/v2\/pages\/366\/revisions"}],"predecessor-version":[{"id":443,"href":"https:\/\/clic-cool.com\/index.php\/wp-json\/wp\/v2\/pages\/366\/revisions\/443"}],"wp:attachment":[{"href":"https:\/\/clic-cool.com\/index.php\/wp-json\/wp\/v2\/media?parent=366"}],"curies":[{"name":"wp","href":"https:\/\/api.w.org\/{rel}","templated":true}]}}