{"id":36,"date":"2015-04-16T19:28:03","date_gmt":"2015-04-16T18:28:03","guid":{"rendered":"http:\/\/www.clic-cool.com\/?page_id=36"},"modified":"2023-03-30T14:29:09","modified_gmt":"2023-03-30T14:29:09","slug":"vie-privee","status":"publish","type":"page","link":"https:\/\/clic-cool.com\/index.php\/vie-privee\/","title":{"rendered":"Vie priv\u00e9e"},"content":{"rendered":"<p><span style=\"color: #000000;\">Nous pouvons vous aider \u00e0 prot\u00e9ger votre identit\u00e9 num\u00e9rique.<\/span><\/p>\n<p><span style=\"color: #000000;\">A travers la navigation internet, l&rsquo;utilisation de r\u00e9seaux sociaux comme Facebook ou Twitter,\u00a0ou encore l&rsquo;\u00e9change par mails (CF les\u00a0Conditions g\u00e9n\u00e9rales d&rsquo;utilisation\u00a0de GMail qui scanne vos Mails pour mieux cibler la publicit\u00e9&#8230;) ou la\u00a0messagerie instantan\u00e9e (Chat), beaucoup d&rsquo;informations personnelles vous concernant transitent sans que vous en soyez toujours inform\u00e9s et peuvent \u00eatre capt\u00e9es .<\/span><\/p>\n<p><span style=\"color: #000000;\">Nous pouvons vous aider \u00e0 mieux configurer tous ces logiciels afin de pr\u00e9server votre vie priv\u00e9e.<\/span><\/p>\n<p><span style=\"color: #000000;\">Que votre activit\u00e9 professionnelle (Journaliste, M\u00e9decin, Chercheur, Avocat, Membre d&rsquo;une ONG, etc.) n\u00e9cessite de renforcer la protection sur la confidentialit\u00e9 de vos donn\u00e9es ou que vous soyez tout simplement un particulier attach\u00e9 \u00e0 ce que votre vie priv\u00e9e dans le Monde num\u00e9rique soit respect\u00e9e, nous pouvons donc vous conseiller pour :<\/span><\/p>\n<p><span style=\"color: #000000;\">&#8211; La navigation anonyme sur Internet.<\/span><\/p>\n<p><span style=\"color: #000000;\">&#8211; L&rsquo;\u00e9change de Mails sign\u00e9s et chiffr\u00e9s (Cryptographie).<\/span><\/p>\n<p><span style=\"color: #000000;\">&#8211; L&rsquo;utilisation d&rsquo;une logiciel de messagerie instantan\u00e9 (Chat) pouvant\u00a0\u00a0s\u00e9curiser\u00a0et authentifier vos\u00a0communications.<\/span><\/p>\n<p><span style=\"color: #000000;\">&#8211; Conserver un contr\u00f4le strict sur ce que vous publiez sur les r\u00e9seaux sociaux.<\/span><\/p>\n<p><span style=\"color: #000000;\">&#8211; Le choix\u00a0d&rsquo;un r\u00e9seau priv\u00e9 virtuel (VPN) qui permet de\u00a0s\u00e9curiser toutes vos activit\u00e9s sur Internet comme par exemple prot\u00e9ger vos communications et vos transmissions de donn\u00e9es quand vous vous connectez \u00e0 un hotspot WiFi\u00a0Public ou pour acc\u00e9der\u00a0de mani\u00e8re priv\u00e9e et s\u00e9curis\u00e9e \u00e0 vos sites bancaires ou\u00a0autres sites institutionnels (configuration possible pour ordinateurs, smartphones ou tablettes).<\/span><\/p>\n<p><span style=\"color: #000000;\">&#8211;\u00a0Choisir, s\u00e9curiser et g\u00e9rer vos\u00a0mots de passe\u00a0(configuration possible pour ordinateurs, smartphones ou tablettes).<\/span><\/p>\n","protected":false},"excerpt":{"rendered":"<p>Nous pouvons vous aider \u00e0 prot\u00e9ger votre identit\u00e9 num\u00e9rique. A travers la navigation internet, l&rsquo;utilisation de r\u00e9seaux sociaux comme Facebook ou Twitter,\u00a0ou encore l&rsquo;\u00e9change par mails (CF les\u00a0Conditions g\u00e9n\u00e9rales d&rsquo;utilisation\u00a0de GMail qui scanne vos Mails pour mieux cibler la publicit\u00e9&#8230;) ou la\u00a0messagerie instantan\u00e9e (Chat), beaucoup d&rsquo;informations personnelles vous concernant transitent sans que vous en soyez&hellip;<\/p>\n","protected":false},"author":1,"featured_media":0,"parent":0,"menu_order":3,"comment_status":"closed","ping_status":"closed","template":"","meta":{"footnotes":""},"class_list":["post-36","page","type-page","status-publish","hentry"],"_links":{"self":[{"href":"https:\/\/clic-cool.com\/index.php\/wp-json\/wp\/v2\/pages\/36","targetHints":{"allow":["GET"]}}],"collection":[{"href":"https:\/\/clic-cool.com\/index.php\/wp-json\/wp\/v2\/pages"}],"about":[{"href":"https:\/\/clic-cool.com\/index.php\/wp-json\/wp\/v2\/types\/page"}],"author":[{"embeddable":true,"href":"https:\/\/clic-cool.com\/index.php\/wp-json\/wp\/v2\/users\/1"}],"replies":[{"embeddable":true,"href":"https:\/\/clic-cool.com\/index.php\/wp-json\/wp\/v2\/comments?post=36"}],"version-history":[{"count":19,"href":"https:\/\/clic-cool.com\/index.php\/wp-json\/wp\/v2\/pages\/36\/revisions"}],"predecessor-version":[{"id":420,"href":"https:\/\/clic-cool.com\/index.php\/wp-json\/wp\/v2\/pages\/36\/revisions\/420"}],"wp:attachment":[{"href":"https:\/\/clic-cool.com\/index.php\/wp-json\/wp\/v2\/media?parent=36"}],"curies":[{"name":"wp","href":"https:\/\/api.w.org\/{rel}","templated":true}]}}