{"id":33,"date":"2015-04-16T19:07:57","date_gmt":"2015-04-16T18:07:57","guid":{"rendered":"http:\/\/www.clic-cool.com\/?page_id=33"},"modified":"2023-03-30T14:29:46","modified_gmt":"2023-03-30T14:29:46","slug":"linux","status":"publish","type":"page","link":"https:\/\/clic-cool.com\/index.php\/linux\/","title":{"rendered":"Linux"},"content":{"rendered":"<p><span style=\"color: #000000;\">Nous pouvons vous conseiller pour utiliser\u00a0des logiciels libres et migrer vers le syst\u00e8me d\u2019exploitation Linux.<\/span><\/p>\n<p><span style=\"color: #000000;\">\u2013 Initiation et formation \u00e0 Linux <strong>Ubuntu<\/strong> : d\u00e9couverte de ce nouveau syst\u00e8me d\u2019exploitation gr\u00e2ce aux Live Cd &gt; possibilit\u00e9 de d\u00e9couvrir Linux sans avoir \u00e0 l\u2019installer sur son ordinateur.<\/span><\/p>\n<p><span style=\"color: #000000;\">\u2013 Nous proposons \u00e9galement\u00a0une formation pour d\u00e9couvrir Linux Ubuntu et effectuer une migration de Windows vers Linux.<\/span><\/p>\n<p><span style=\"color: #000000;\"><a style=\"color: #000000;\" href=\"http:\/\/www.clic-cool.com\/wp-content\/uploads\/2015\/04\/Ubuntu_logo_orange.png\"><img loading=\"lazy\" decoding=\"async\" class=\" size-medium wp-image-91 aligncenter\" src=\"http:\/\/www.clic-cool.com\/wp-content\/uploads\/2015\/04\/Ubuntu_logo_orange-300x135.png\" alt=\"Ubuntu_logo_orange\" width=\"300\" height=\"135\" \/><\/a><\/span><\/p>\n<p><span style=\"color: #000000;\">&#8211; A savoir que gr\u00e2ce \u00e0 Linux, il est possible de \u00ab\u00a0r\u00e9cup\u00e9rer\u00a0\u00bb et d&rsquo;utiliser des ordinateurs consid\u00e9r\u00e9s comme \u00ab\u00a0anciens\u00a0\u00bb ou \u00ab\u00a0obsol\u00e8tes\u00a0\u00bb&#8230;<\/span><\/p>\n<p><span style=\"color: #000000;\">Nous utilisons les distributions Linux suivantes:<\/span><\/p>\n<p><span style=\"color: #000000;\">&#8211; <strong>Xubuntu<\/strong> :\u00a0L&rsquo;un des buts de Xubuntu est d&rsquo;offrir une distribution plus l\u00e9g\u00e8re qu&rsquo;Ubuntu, pouvant s&rsquo;installer sur des ordinateurs assez anciens.<\/span><\/p>\n<p><span style=\"color: #000000;\"><a style=\"color: #000000;\" title=\"Xubuntu\" href=\"https:\/\/fr.wikipedia.org\/wiki\/Xubuntu\" target=\"_blank\" rel=\"noopener\">https:\/\/fr.wikipedia.org\/wiki\/Xubuntu<\/a><\/span><\/p>\n<p><span style=\"color: #000000;\"><a style=\"color: #000000;\" href=\"http:\/\/www.clic-cool.com\/wp-content\/uploads\/2015\/04\/Ubuntu_logo_orange1.png\"><img loading=\"lazy\" decoding=\"async\" class=\" size-medium wp-image-92 aligncenter\" src=\"http:\/\/www.clic-cool.com\/wp-content\/uploads\/2015\/04\/Ubuntu_logo_orange1-300x85.png\" alt=\"Ubuntu_logo_orange\" width=\"300\" height=\"85\" \/><\/a><\/span><\/p>\n<p><span style=\"color: #000000;\">&#8211; <strong>Emmabunt\u00fcs<\/strong> :\u00a0Emmabunt\u00fcs<b>\u00a0<\/b>est une distribution Linux\u00a0d\u00e9riv\u00e9e d&rsquo;Ubuntu\u00a0construite pour reconditionner des ordinateurs\u00a0donn\u00e9s aux Communaut\u00e9s Emma\u00fcs.<\/span><\/p>\n<p><span style=\"color: #000000;\"><a style=\"color: #000000;\" title=\"Emmabunt\u00fcs\" href=\"https:\/\/fr.wikipedia.org\/wiki\/Emmabunt%C3%BCs\" target=\"_blank\" rel=\"noopener\">https:\/\/fr.wikipedia.org\/wiki\/Emmabunt%C3%BCs<\/a><\/span><\/p>\n<p><span style=\"color: #000000;\"><a style=\"color: #000000;\" href=\"http:\/\/www.clic-cool.com\/wp-content\/uploads\/2015\/04\/Ubuntu_logo_orange2-e1429391722775.png\"><img loading=\"lazy\" decoding=\"async\" class=\" size-medium wp-image-93 aligncenter\" src=\"http:\/\/www.clic-cool.com\/wp-content\/uploads\/2015\/04\/Ubuntu_logo_orange2-300x300.png\" alt=\"Ubuntu_logo_orange\" width=\"300\" height=\"300\" \/><\/a><\/span><\/p>\n<p><span style=\"color: #000000;\"><strong>Page Linux sur Wikipedia :<\/strong><\/span><\/p>\n<h4 class=\"firstHeading\" lang=\"fr\"><span style=\"color: #000000;\"><a style=\"color: #000000;\" href=\"https:\/\/fr.wikipedia.org\/wiki\/Linux\" target=\"_blank\" rel=\"noopener\">https:\/\/fr.wikipedia.org\/wiki\/Linux<\/a><\/span><\/h4>\n<h1 class=\"firstHeading\" lang=\"fr\"><span style=\"color: #000000;\"><a style=\"color: #000000;\" href=\"http:\/\/www.clic-cool.com\/wp-content\/uploads\/2015\/04\/512px-Tux.svg_.png\"><img loading=\"lazy\" decoding=\"async\" class=\" size-medium wp-image-62 aligncenter\" src=\"http:\/\/www.clic-cool.com\/wp-content\/uploads\/2015\/04\/512px-Tux.svg_-259x300.png\" alt=\"512px-Tux.svg\" width=\"259\" height=\"300\" \/><\/a><\/span><\/h1>\n","protected":false},"excerpt":{"rendered":"<p>Nous pouvons vous conseiller pour utiliser\u00a0des logiciels libres et migrer vers le syst\u00e8me d\u2019exploitation Linux. \u2013 Initiation et formation \u00e0 Linux Ubuntu : d\u00e9couverte de ce nouveau syst\u00e8me d\u2019exploitation gr\u00e2ce aux Live Cd &gt; possibilit\u00e9 de d\u00e9couvrir Linux sans avoir \u00e0 l\u2019installer sur son ordinateur. \u2013 Nous proposons \u00e9galement\u00a0une formation pour d\u00e9couvrir Linux Ubuntu et&hellip;<\/p>\n","protected":false},"author":1,"featured_media":0,"parent":0,"menu_order":4,"comment_status":"closed","ping_status":"closed","template":"","meta":{"footnotes":""},"class_list":["post-33","page","type-page","status-publish","hentry"],"_links":{"self":[{"href":"https:\/\/clic-cool.com\/index.php\/wp-json\/wp\/v2\/pages\/33","targetHints":{"allow":["GET"]}}],"collection":[{"href":"https:\/\/clic-cool.com\/index.php\/wp-json\/wp\/v2\/pages"}],"about":[{"href":"https:\/\/clic-cool.com\/index.php\/wp-json\/wp\/v2\/types\/page"}],"author":[{"embeddable":true,"href":"https:\/\/clic-cool.com\/index.php\/wp-json\/wp\/v2\/users\/1"}],"replies":[{"embeddable":true,"href":"https:\/\/clic-cool.com\/index.php\/wp-json\/wp\/v2\/comments?post=33"}],"version-history":[{"count":13,"href":"https:\/\/clic-cool.com\/index.php\/wp-json\/wp\/v2\/pages\/33\/revisions"}],"predecessor-version":[{"id":421,"href":"https:\/\/clic-cool.com\/index.php\/wp-json\/wp\/v2\/pages\/33\/revisions\/421"}],"wp:attachment":[{"href":"https:\/\/clic-cool.com\/index.php\/wp-json\/wp\/v2\/media?parent=33"}],"curies":[{"name":"wp","href":"https:\/\/api.w.org\/{rel}","templated":true}]}}